{"id":5941,"date":"2025-11-27T15:12:06","date_gmt":"2025-11-27T15:12:06","guid":{"rendered":"https:\/\/atukoop.ec\/?page_id=5941"},"modified":"2025-11-28T16:39:33","modified_gmt":"2025-11-28T16:39:33","slug":"avistamiento-de-aves","status":"publish","type":"page","link":"https:\/\/atukoop.ec\/es\/avistamiento-de-aves\/","title":{"rendered":"Avistamiento de Aves"},"content":{"rendered":"\t\t<div data-elementor-type=\"wp-page\" data-elementor-id=\"5941\" class=\"elementor elementor-5941\" data-elementor-post-type=\"page\">\n\t\t\t\t<div class=\"elementor-element elementor-element-458dfe8 e-con-full e-flex e-con e-parent\" data-id=\"458dfe8\" data-element_type=\"container\" data-e-type=\"container\" data-settings=\"{&quot;background_background&quot;:&quot;slideshow&quot;,&quot;background_slideshow_gallery&quot;:[{&quot;id&quot;:5962,&quot;url&quot;:&quot;https:\\\/\\\/atukoop.ec\\\/wp-content\\\/uploads\\\/2025\\\/11\\\/ave-4.png&quot;},{&quot;id&quot;:5961,&quot;url&quot;:&quot;https:\\\/\\\/atukoop.ec\\\/wp-content\\\/uploads\\\/2025\\\/11\\\/Golden-Tanager.png&quot;},{&quot;id&quot;:5960,&quot;url&quot;:&quot;https:\\\/\\\/atukoop.ec\\\/wp-content\\\/uploads\\\/2025\\\/11\\\/ave-3.png&quot;},{&quot;id&quot;:5959,&quot;url&quot;:&quot;https:\\\/\\\/atukoop.ec\\\/wp-content\\\/uploads\\\/2025\\\/11\\\/ave-2.png&quot;},{&quot;id&quot;:5970,&quot;url&quot;:&quot;https:\\\/\\\/atukoop.ec\\\/wp-content\\\/uploads\\\/2025\\\/11\\\/ave-1.2.png&quot;},{&quot;id&quot;:6060,&quot;url&quot;:&quot;https:\\\/\\\/atukoop.ec\\\/wp-content\\\/uploads\\\/2025\\\/11\\\/ave-5.png&quot;}],&quot;background_slideshow_transition_duration&quot;:1000,&quot;background_slideshow_ken_burns&quot;:&quot;yes&quot;,&quot;background_slideshow_loop&quot;:&quot;yes&quot;,&quot;background_slideshow_slide_duration&quot;:5000,&quot;background_slideshow_slide_transition&quot;:&quot;fade&quot;,&quot;background_slideshow_ken_burns_zoom_direction&quot;:&quot;in&quot;}\">\n\t\t<div class=\"elementor-element elementor-element-d3e9788 e-con-full e-flex e-con e-child\" data-id=\"d3e9788\" data-element_type=\"container\" data-e-type=\"container\">\n\t\t<div class=\"elementor-element elementor-element-b6188e0 e-flex e-con-boxed e-con e-child\" data-id=\"b6188e0\" data-element_type=\"container\" data-e-type=\"container\">\n\t\t\t\t\t<div class=\"e-con-inner\">\n\t\t\t\t\t<\/div>\n\t\t\t\t<\/div>\n\t\t<div class=\"elementor-element elementor-element-bb9e87f e-con-full e-flex e-con e-child\" data-id=\"bb9e87f\" data-element_type=\"container\" data-e-type=\"container\">\n\t\t<div class=\"elementor-element elementor-element-53592ca e-con-full e-flex e-con e-child\" data-id=\"53592ca\" data-element_type=\"container\" data-e-type=\"container\" data-settings=\"{&quot;background_background&quot;:&quot;classic&quot;}\">\n\t\t<div class=\"elementor-element elementor-element-29289fe e-con-full e-flex e-con e-child\" data-id=\"29289fe\" data-element_type=\"container\" data-e-type=\"container\">\n\t\t\t\t<div class=\"elementor-element elementor-element-2da9fba elementor-widget elementor-widget-heading\" data-id=\"2da9fba\" data-element_type=\"widget\" data-e-type=\"widget\" data-widget_type=\"heading.default\">\n\t\t\t\t<div class=\"elementor-widget-container\">\n\t\t\t\t\t<h1 class=\"elementor-heading-title elementor-size-default\">Avistamiento de Aves<\/h1>\t\t\t\t<\/div>\n\t\t\t\t<\/div>\n\t\t\t\t<\/div>\n\t\t<div class=\"elementor-element elementor-element-f0e7c01 e-con-full e-flex e-con e-child\" data-id=\"f0e7c01\" data-element_type=\"container\" data-e-type=\"container\">\n\t\t\t\t<div class=\"elementor-element elementor-element-135868b elementor-widget elementor-widget-text-editor\" data-id=\"135868b\" data-element_type=\"widget\" data-e-type=\"widget\" data-widget_type=\"text-editor.default\">\n\t\t\t\t<div class=\"elementor-widget-container\">\n\t\t\t\t\t\t\t\t\t<p>El Choc\u00f3 Andino es una joya natural declarada Reserva de la Biosfera por la UNESCO. Es hogar de m\u00e1s de 640 especies de aves, entre ellas 55 especies de colibr\u00edes.<\/p>\t\t\t\t\t\t\t\t<\/div>\n\t\t\t\t<\/div>\n\t\t\t\t<\/div>\n\t\t<div class=\"elementor-element elementor-element-37d2c94 e-con-full e-flex e-con e-child\" data-id=\"37d2c94\" data-element_type=\"container\" data-e-type=\"container\">\n\t\t\t\t<div class=\"elementor-element elementor-element-8855956 elementor-mobile-align-right elementor-align-right elementor-widget elementor-widget-button\" data-id=\"8855956\" data-element_type=\"widget\" data-e-type=\"widget\" data-widget_type=\"button.default\">\n\t\t\t\t<div class=\"elementor-widget-container\">\n\t\t\t\t\t\t\t\t\t<div class=\"elementor-button-wrapper\">\n\t\t\t\t\t<a class=\"elementor-button elementor-size-sm\" role=\"button\">\n\t\t\t\t\t\t<span class=\"elementor-button-content-wrapper\">\n\t\t\t\t\t\t\t\t\t<span class=\"elementor-button-text\">\u00a1Aprende m\u00e1s de las aves del Choc\u00f3!<\/span>\n\t\t\t\t\t<\/span>\n\t\t\t\t\t<\/a>\n\t\t\t\t<\/div>\n\t\t\t\t\t\t\t\t<\/div>\n\t\t\t\t<\/div>\n\t\t\t\t<\/div>\n\t\t\t\t<\/div>\n\t\t\t\t<\/div>\n\t\t\t\t<\/div>\n\t\t\t\t<\/div>\n\t\t<div class=\"elementor-element elementor-element-2b68419 e-flex e-con-boxed e-con e-parent\" data-id=\"2b68419\" data-element_type=\"container\" data-e-type=\"container\">\n\t\t\t\t\t<div class=\"e-con-inner\">\n\t\t<div class=\"elementor-element elementor-element-5150b2c e-con-full e-flex e-con e-child\" data-id=\"5150b2c\" data-element_type=\"container\" data-e-type=\"container\">\n\t\t<div class=\"elementor-element elementor-element-ec07c73 e-con-full e-flex e-con e-child\" data-id=\"ec07c73\" data-element_type=\"container\" data-e-type=\"container\" data-settings=\"{&quot;background_background&quot;:&quot;classic&quot;}\">\n\t\t\t\t<div class=\"elementor-element elementor-element-b619f08 elementor-widget elementor-widget-heading\" data-id=\"b619f08\" data-element_type=\"widget\" data-e-type=\"widget\" data-widget_type=\"heading.default\">\n\t\t\t\t<div class=\"elementor-widget-container\">\n\t\t\t\t\t<h2 class=\"elementor-heading-title elementor-size-default\">Explora<\/h2>\t\t\t\t<\/div>\n\t\t\t\t<\/div>\n\t\t\t\t<\/div>\n\t\t<div class=\"elementor-element elementor-element-b229892 e-con-full e-flex e-con e-child\" data-id=\"b229892\" data-element_type=\"container\" data-e-type=\"container\">\n\t\t\t\t<\/div>\n\t\t\t\t<\/div>\n\t\t<div class=\"elementor-element elementor-element-be8fb53 e-con-full e-flex e-con e-child\" data-id=\"be8fb53\" data-element_type=\"container\" data-e-type=\"container\">\n\t\t<div class=\"elementor-element elementor-element-5e01a8c e-con-full e-flex e-con e-child\" data-id=\"5e01a8c\" data-element_type=\"container\" data-e-type=\"container\" data-settings=\"{&quot;background_background&quot;:&quot;classic&quot;}\">\n\t\t\t\t<div class=\"elementor-element elementor-element-390c7a1 elementor-widget elementor-widget-heading\" data-id=\"390c7a1\" data-element_type=\"widget\" data-e-type=\"widget\" data-widget_type=\"heading.default\">\n\t\t\t\t<div class=\"elementor-widget-container\">\n\t\t\t\t\t<h2 class=\"elementor-heading-title elementor-size-default\">Sacha Guatusa\n<\/h2>\t\t\t\t<\/div>\n\t\t\t\t<\/div>\n\t\t\t\t<\/div>\n\t\t<div class=\"elementor-element elementor-element-88e30dc e-con-full e-flex e-con e-child\" data-id=\"88e30dc\" data-element_type=\"container\" data-e-type=\"container\">\n\t\t\t\t<\/div>\n\t\t\t\t<\/div>\n\t\t<div class=\"elementor-element elementor-element-03a4c41 e-con-full e-flex e-con e-child\" data-id=\"03a4c41\" data-element_type=\"container\" data-e-type=\"container\">\n\t\t<div class=\"elementor-element elementor-element-a63d6ad e-con-full e-flex e-con e-child\" data-id=\"a63d6ad\" data-element_type=\"container\" data-e-type=\"container\" data-settings=\"{&quot;background_background&quot;:&quot;classic&quot;}\">\n\t\t<div class=\"elementor-element elementor-element-33d4fdb e-con-full e-flex e-con e-child\" data-id=\"33d4fdb\" data-element_type=\"container\" data-e-type=\"container\">\n\t\t\t\t<div class=\"elementor-element elementor-element-3cb231d elementor-widget elementor-widget-image\" data-id=\"3cb231d\" data-element_type=\"widget\" data-e-type=\"widget\" data-widget_type=\"image.default\">\n\t\t\t\t<div class=\"elementor-widget-container\">\n\t\t\t\t\t\t\t\t\t\t\t\t\t\t\t<img fetchpriority=\"high\" decoding=\"async\" width=\"800\" height=\"534\" src=\"https:\/\/atukoop.ec\/wp-content\/uploads\/2025\/11\/sachaguatusa-1024x683.jpg\" class=\"attachment-large size-large wp-image-6064\" alt=\"\" srcset=\"https:\/\/atukoop.ec\/wp-content\/uploads\/2025\/11\/sachaguatusa-1024x683.jpg 1024w, https:\/\/atukoop.ec\/wp-content\/uploads\/2025\/11\/sachaguatusa-300x200.jpg 300w, https:\/\/atukoop.ec\/wp-content\/uploads\/2025\/11\/sachaguatusa-768x512.jpg 768w, https:\/\/atukoop.ec\/wp-content\/uploads\/2025\/11\/sachaguatusa-1536x1024.jpg 1536w, https:\/\/atukoop.ec\/wp-content\/uploads\/2025\/11\/sachaguatusa-2048x1365.jpg 2048w\" sizes=\"(max-width: 800px) 100vw, 800px\" \/>\t\t\t\t\t\t\t\t\t\t\t\t\t\t\t<\/div>\n\t\t\t\t<\/div>\n\t\t\t\t<\/div>\n\t\t\t\t<\/div>\n\t\t<div class=\"elementor-element elementor-element-27d25a8 e-con-full e-flex e-con e-child\" data-id=\"27d25a8\" data-element_type=\"container\" data-e-type=\"container\">\n\t\t<div class=\"elementor-element elementor-element-e2bd1df e-con-full e-flex e-con e-child\" data-id=\"e2bd1df\" data-element_type=\"container\" data-e-type=\"container\">\n\t\t\t\t<div class=\"elementor-element elementor-element-50be0be elementor-widget elementor-widget-text-editor\" data-id=\"50be0be\" data-element_type=\"widget\" data-e-type=\"widget\" data-widget_type=\"text-editor.default\">\n\t\t\t\t<div class=\"elementor-widget-container\">\n\t\t\t\t\t\t\t\t\t<p><strong>Descripci\u00f3n:<\/strong><\/p><p>La calidez de Willy y Claudia te dar\u00e1n la bienvenida al bosque m\u00e1gico del Mashpi. En Sacha Guatusa se practica el cuidado de los ecosistemas y la conservaci\u00f3n.<\/p>\t\t\t\t\t\t\t\t<\/div>\n\t\t\t\t<\/div>\n\t\t<div class=\"elementor-element elementor-element-d99dad6 e-con-full e-flex e-con e-child\" data-id=\"d99dad6\" data-element_type=\"container\" data-e-type=\"container\">\n\t\t<div class=\"elementor-element elementor-element-52ea6d3 e-con-full e-flex e-con e-child\" data-id=\"52ea6d3\" data-element_type=\"container\" data-e-type=\"container\">\n\t\t\t\t<div class=\"elementor-element elementor-element-e9745d9 elementor-widget elementor-widget-text-editor\" data-id=\"e9745d9\" data-element_type=\"widget\" data-e-type=\"widget\" data-widget_type=\"text-editor.default\">\n\t\t\t\t<div class=\"elementor-widget-container\">\n\t\t\t\t\t\t\t\t\t<p><strong>Distancia:<\/strong><\/p><p>18 km desde el centro de Pacto Centro<\/p>\t\t\t\t\t\t\t\t<\/div>\n\t\t\t\t<\/div>\n\t\t\t\t<div class=\"elementor-element elementor-element-b3f03b5 elementor-widget elementor-widget-text-editor\" data-id=\"b3f03b5\" data-element_type=\"widget\" data-e-type=\"widget\" data-widget_type=\"text-editor.default\">\n\t\t\t\t<div class=\"elementor-widget-container\">\n\t\t\t\t\t\t\t\t\t<p><strong>Servicios:<\/strong><\/p><p><a href=\"https:\/\/atukoop.ec\/avistamiento-de-aves\/\">Avistamiento de Aves<\/a><\/p><p>Senderismo<\/p><p>Gastronom\u00eda (Men\u00fa)<\/p>\t\t\t\t\t\t\t\t<\/div>\n\t\t\t\t<\/div>\n\t\t\t\t<\/div>\n\t\t<div class=\"elementor-element elementor-element-d36fefb e-con-full e-flex e-con e-child\" data-id=\"d36fefb\" data-element_type=\"container\" data-e-type=\"container\">\n\t\t<div class=\"elementor-element elementor-element-1d544a5 e-con-full e-flex e-con e-child\" data-id=\"1d544a5\" data-element_type=\"container\" data-e-type=\"container\">\n\t\t\t\t<div class=\"elementor-element elementor-element-634ec7e elementor-align-right elementor-mobile-align-center elementor-widget elementor-widget-button\" data-id=\"634ec7e\" data-element_type=\"widget\" data-e-type=\"widget\" data-widget_type=\"button.default\">\n\t\t\t\t<div class=\"elementor-widget-container\">\n\t\t\t\t\t\t\t\t\t<div class=\"elementor-button-wrapper\">\n\t\t\t\t\t<a class=\"elementor-button elementor-button-link elementor-size-sm\" href=\"https:\/\/docs.google.com\/forms\/d\/e\/1FAIpQLScNgNu947ZZ4fqNoG94WDTkGUWhU0jU68ltB3cZr7U8U6dg6w\/viewform?usp=preview%20\">\n\t\t\t\t\t\t<span class=\"elementor-button-content-wrapper\">\n\t\t\t\t\t\t\t\t\t<span class=\"elementor-button-text\">Conoce<\/span>\n\t\t\t\t\t<\/span>\n\t\t\t\t\t<\/a>\n\t\t\t\t<\/div>\n\t\t\t\t\t\t\t\t<\/div>\n\t\t\t\t<\/div>\n\t\t\t\t<\/div>\n\t\t<div class=\"elementor-element elementor-element-d7ca18b e-con-full e-flex e-con e-child\" data-id=\"d7ca18b\" data-element_type=\"container\" data-e-type=\"container\">\n\t\t\t\t<div class=\"elementor-element elementor-element-1a2f11b elementor-align-right elementor-mobile-align-center elementor-widget elementor-widget-button\" data-id=\"1a2f11b\" data-element_type=\"widget\" data-e-type=\"widget\" data-widget_type=\"button.default\">\n\t\t\t\t<div class=\"elementor-widget-container\">\n\t\t\t\t\t\t\t\t\t<div class=\"elementor-button-wrapper\">\n\t\t\t\t\t<a class=\"elementor-button elementor-button-link elementor-size-sm\" href=\"https:\/\/docs.google.com\/forms\/d\/e\/1FAIpQLScNgNu947ZZ4fqNoG94WDTkGUWhU0jU68ltB3cZr7U8U6dg6w\/viewform?usp=preview%20\">\n\t\t\t\t\t\t<span class=\"elementor-button-content-wrapper\">\n\t\t\t\t\t\t\t\t\t<span class=\"elementor-button-text\">Reserva<\/span>\n\t\t\t\t\t<\/span>\n\t\t\t\t\t<\/a>\n\t\t\t\t<\/div>\n\t\t\t\t\t\t\t\t<\/div>\n\t\t\t\t<\/div>\n\t\t\t\t<\/div>\n\t\t\t\t<\/div>\n\t\t\t\t<\/div>\n\t\t\t\t<\/div>\n\t\t\t\t<\/div>\n\t\t\t\t<\/div>\n\t\t\t\t\t<\/div>\n\t\t\t\t<\/div>\n\t\t<div class=\"elementor-element elementor-element-5e05b6f e-flex e-con-boxed e-con e-parent\" data-id=\"5e05b6f\" data-element_type=\"container\" data-e-type=\"container\">\n\t\t\t\t\t<div class=\"e-con-inner\">\n\t\t\t\t\t<\/div>\n\t\t\t\t<\/div>\n\t\t\t\t<\/div>\n\t\t","protected":false},"excerpt":{"rendered":"<p>Avistamiento de Aves El Choc\u00f3 Andino es una joya natural declarada Reserva de la Biosfera por la UNESCO. Es hogar de m\u00e1s de 640 especies de aves, entre ellas 55 especies de colibr\u00edes. \u00a1Aprende m\u00e1s de las aves del Choc\u00f3! Explora Sacha Guatusa Descripci\u00f3n: La calidez de Willy y Claudia te dar\u00e1n la bienvenida al [&hellip;]<\/p>\n","protected":false},"author":1,"featured_media":0,"parent":0,"menu_order":0,"comment_status":"closed","ping_status":"closed","template":"","meta":{"_monsterinsights_skip_tracking":false,"_monsterinsights_sitenote_active":false,"_monsterinsights_sitenote_note":"","_monsterinsights_sitenote_category":0,"footnotes":""},"class_list":["post-5941","page","type-page","status-publish","hentry"],"aioseo_notices":[],"_hostinger_reach_plugin_has_subscription_block":false,"_hostinger_reach_plugin_is_elementor":false,"_links":{"self":[{"href":"https:\/\/atukoop.ec\/es\/wp-json\/wp\/v2\/pages\/5941","targetHints":{"allow":["GET"]}}],"collection":[{"href":"https:\/\/atukoop.ec\/es\/wp-json\/wp\/v2\/pages"}],"about":[{"href":"https:\/\/atukoop.ec\/es\/wp-json\/wp\/v2\/types\/page"}],"author":[{"embeddable":true,"href":"https:\/\/atukoop.ec\/es\/wp-json\/wp\/v2\/users\/1"}],"replies":[{"embeddable":true,"href":"https:\/\/atukoop.ec\/es\/wp-json\/wp\/v2\/comments?post=5941"}],"version-history":[{"count":143,"href":"https:\/\/atukoop.ec\/es\/wp-json\/wp\/v2\/pages\/5941\/revisions"}],"predecessor-version":[{"id":6163,"href":"https:\/\/atukoop.ec\/es\/wp-json\/wp\/v2\/pages\/5941\/revisions\/6163"}],"wp:attachment":[{"href":"https:\/\/atukoop.ec\/es\/wp-json\/wp\/v2\/media?parent=5941"}],"curies":[{"name":"wp","href":"https:\/\/api.w.org\/{rel}","templated":true}]}}