{"id":4485,"date":"2025-08-25T20:33:41","date_gmt":"2025-08-25T20:33:41","guid":{"rendered":"https:\/\/atukoop.ec\/?page_id=4485"},"modified":"2026-02-10T20:06:22","modified_gmt":"2026-02-10T20:06:22","slug":"proyecto-pacto","status":"publish","type":"page","link":"https:\/\/atukoop.ec\/es\/proyecto-pacto\/","title":{"rendered":"Ko-Opera: Pacto Turismo"},"content":{"rendered":"<div data-elementor-type=\"wp-page\" data-elementor-id=\"4485\" class=\"elementor elementor-4485\" data-elementor-post-type=\"page\">\n\t\t\t\t<div class=\"elementor-element elementor-element-439fc03d e-flex e-con-boxed e-con e-parent\" data-id=\"439fc03d\" data-element_type=\"container\" data-e-type=\"container\">\n\t\t\t\t\t<div class=\"e-con-inner\">\n\t\t<div class=\"elementor-element elementor-element-b350415 e-con-full e-flex e-con e-child\" data-id=\"b350415\" data-element_type=\"container\" data-e-type=\"container\">\n\t\t\t\t<div class=\"elementor-element elementor-element-5141815 elementor-widget elementor-widget-image\" data-id=\"5141815\" data-element_type=\"widget\" data-e-type=\"widget\" data-widget_type=\"image.default\">\n\t\t\t\t<div class=\"elementor-widget-container\">\n\t\t\t\t\t\t\t\t\t\t\t\t\t\t\t<img fetchpriority=\"high\" decoding=\"async\" width=\"300\" height=\"300\" src=\"https:\/\/atukoop.ec\/wp-content\/uploads\/2025\/11\/KOOPERA-LOGO-300x300.jpg\" class=\"attachment-medium size-medium wp-image-4718\" alt=\"\" srcset=\"https:\/\/atukoop.ec\/wp-content\/uploads\/2025\/11\/KOOPERA-LOGO-300x300.jpg 300w, https:\/\/atukoop.ec\/wp-content\/uploads\/2025\/11\/KOOPERA-LOGO-1024x1024.jpg 1024w, https:\/\/atukoop.ec\/wp-content\/uploads\/2025\/11\/KOOPERA-LOGO-150x150.jpg 150w, https:\/\/atukoop.ec\/wp-content\/uploads\/2025\/11\/KOOPERA-LOGO-768x768.jpg 768w, https:\/\/atukoop.ec\/wp-content\/uploads\/2025\/11\/elementor\/thumbs\/KOOPERA-LOGO-rf03c4n5qrml46z5hy4uve226u0480hhqriparocsw.jpg 200w, https:\/\/atukoop.ec\/wp-content\/uploads\/2025\/11\/KOOPERA-LOGO.jpg 1400w\" sizes=\"(max-width: 300px) 100vw, 300px\" \/>\t\t\t\t\t\t\t\t\t\t\t\t\t\t\t<\/div>\n\t\t\t\t<\/div>\n\t\t\t\t<\/div>\n\t\t\t\t<div class=\"elementor-element elementor-element-2c78817a elementor-widget elementor-widget-text-editor\" data-id=\"2c78817a\" data-element_type=\"widget\" data-e-type=\"widget\" data-widget_type=\"text-editor.default\">\n\t\t\t\t<div class=\"elementor-widget-container\">\n\t\t\t\t\t\t\t\t\t<p>\u00a0<\/p>\n\t\t\t\t\t\t\t\t<\/div>\n\t\t\t\t<\/div>\n\t\t\t\t\t<\/div>\n\t\t\t\t<\/div>\n\t\t<div class=\"elementor-element elementor-element-d0a7cc2 e-flex e-con-boxed e-con e-parent\" data-id=\"d0a7cc2\" data-element_type=\"container\" data-e-type=\"container\">\n\t\t\t\t\t<div class=\"e-con-inner\">\n\t\t\t\t<div class=\"elementor-element elementor-element-724f85f elementor-widget elementor-widget-html\" data-id=\"724f85f\" data-element_type=\"widget\" data-e-type=\"widget\" data-widget_type=\"html.default\">\n\t\t\t\t<div class=\"elementor-widget-container\">\n\t\t\t\t\t<style>\n    \/* Colores definidos en el documento *\/\n    :root {\n        --color-primary: #2C6645;\n        --color-secondary: #F2BD59;\n    }\n\n    \/* Estilos generales para el widget *\/\n    .koopera-content {\n        font-family: sans-serif;\n        color: #333;\n        line-height: 1.6;\n        padding: 20px; \/* Espacio alrededor del contenido *\/\n    }\n\n    .koopera-content h1, .koopera-content h2, .koopera-content h3 {\n        color: var(--color-primary);\n        margin-top: 1.5em;\n        margin-bottom: 0.5em;\n    }\n\n    .koopera-content h1 {\n        text-align: center;\n        border-bottom: 2px solid var(--color-secondary);\n        padding-bottom: 10px;\n    }\n\n    .koopera-content ul {\n        list-style-type: none;\n        padding-left: 0;\n    }\n\n    .koopera-content ul li {\n        margin-bottom: 10px;\n        padding-left: 20px;\n        position: relative;\n    }\n\n    .koopera-content ul li::before {\n        content: \"\u2022\"; \/* Vi\u00f1eta simple *\/\n        color: var(--color-secondary);\n        font-weight: bold;\n        display: inline-block;\n        width: 1em;\n        margin-left: -1em;\n        position: absolute;\n        left: 0;\n    }\n\n    .koopera-content .cta-button {\n        display: inline-block;\n        background-color: var(--color-secondary);\n        color: var(--color-primary);\n        padding: 10px 20px;\n        text-decoration: none;\n        font-weight: bold;\n        border-radius: 5px;\n        transition: background-color 0.3s;\n    }\n\n    .koopera-content .cta-button:hover {\n        background-color: #e0ac4c; \/* Tono m\u00e1s oscuro al pasar el rat\u00f3n *\/\n    }\n\n    \/* Estilos para el espacio de im\u00e1genes *\/\n    .koopera-img-placeholder {\n        width: 100%;\n        height: 300px; \/* Altura sugerida, puedes ajustarla *\/\n        background-color: #f0f0f0;\n        border: 2px dashed #ccc;\n        margin: 20px 0;\n        display: flex;\n        align-items: center;\n        justify-content: center;\n        color: #888;\n        font-style: italic;\n        object-fit: cover; \/* Para la imagen real *\/\n    }\n<\/style>\n\n<div class=\"koopera-content\">\n    \n    <h1>Ko-opera<\/h1>\n    <h2>Plataforma Cooperativa de Turismo<\/h2>\n\n    <p>Ko-Opera es la plataforma de la cooperativa Atukoop creada para **articular, fortalecer y promocionar** los servicios tur\u00edsticos y emprendimientos de la parroquia de Pacto.<\/p>\n\n    <h2>Nuestra Misi\u00f3n y Principios<\/h2>\n\n    <p>Nuestra plataforma se basa en el **turismo con principios de sostenimiento de la vida** que garantizan que el valor econ\u00f3mico del turismo se distribuya equitativamente, mientras se protege el patrimonio natural y cultural.<\/p>\n\n    <p>Al unirte, te integras a un modelo que busca:<\/p>\n    <ul>\n        <li><strong>Trabajo Digno y Cooperativo:<\/strong> Fortalecer la econom\u00eda local con una visi\u00f3n anticapitalista y democr\u00e1tica.<\/li>\n        <li><strong>Conservaci\u00f3n del Choc\u00f3 Andino:<\/strong> Promover pr\u00e1cticas tur\u00edsticas responsables, enfocadas en el respeto de los l\u00edmites biof\u00edsicos del Choc\u00f3.<\/li>\n        <li><strong>Valor A\u00f1adido de la Ciencia:<\/strong> Distinguir tus servicios con la integraci\u00f3n de la divulgaci\u00f3n cient\u00edfica, ofreciendo a los visitantes una experiencia de conocimiento profundo.<\/li>\n    <\/ul>\n    \n    <p>Juntas y juntos, creamos un flujo de visitantes planificado que beneficia a toda la comunidad y garantiza una mejora constante de tus servicios.<\/p>\n\n    <h2>\u00bfQuieres ser parte de Ko-Opera?<\/h2>\n\n    <p>Si eres una persona o tienes un emprendimiento en Pacto y tienes la capacidad o el potencial para recibir turistas, pero necesitas un impulso, **\u00a1\u00danete a Ko-Opera!**<\/p>\n\n    <h3>Esta invitaci\u00f3n es para ti si:<\/h3>\n    <ul>\n        <li>Ofreces **servicios tur\u00edsticos**.<\/li>\n        <li>Cuentas con **atractivos naturales o culturales** (cascadas, r\u00edos, senderos, colecciones de orqu\u00eddeas, \u00e1rboles frutales, avistamiento de aves).<\/li>\n        <li>Tienes una **producci\u00f3n local** con potencial de experiencia tur\u00edstica (fincas de caf\u00e9, cacao, molienda de ca\u00f1a, elaboraci\u00f3n de chocolate u otros productos con valor agregado de la zona).<\/li>\n        <li>Dispones de **hospedaje comunitario** pero requieres ayuda en la promoci\u00f3n y gesti\u00f3n de reservas.<\/li>\n        <li>Buscas mejorar tu **capacidad t\u00e9cnica** en turismo y comunicaci\u00f3n.<\/li>\n    <\/ul>\n\n    <h2>\u00bfQu\u00e9 te ofrece Ko-Opera?<\/h2>\n    <ul>\n        <li><strong>Visibilidad y Comercializaci\u00f3n:<\/strong> Tus servicios ser\u00e1n incluidos y promocionados en nuestra plataforma digital y canales de distribuci\u00f3n.<\/li>\n        <li><strong>Formaci\u00f3n Continua:<\/strong> Recibir\u00e1s capacitaci\u00f3n para la mejora constante de tus servicios tur\u00edsticos y en los principios de la econom\u00eda cooperativa, solidaria y transformadora.<\/li>\n        <li><strong>Apoyo T\u00e9cnico:<\/strong> Contar\u00e1s con el respaldo de un equipo para garantizar una comunicaci\u00f3n y promoci\u00f3n adecuada.<\/li>\n        <li><strong>Distribuci\u00f3n Equitativa:<\/strong> Formar\u00e1s parte de una sociedad que busca distribuir equitativamente los r\u00e9ditos generados por el turismo.<\/li>\n    <\/ul>\n\n    <h3>\u00a1Impulsa tu proyecto y fortalece el territorio!<\/h3>\n    \n    <p style=\"text-align: center; margin-top: 30px;\">\n        <a href=\"https:\/\/atukoop.ec\/es\/ko-opera\/\" class=\"cta-button\" target=\"_blank\">Conoce Ko-Opera \u2192<\/a>\n    <\/p>\n\n    <\/div>\n\t\t\t\t<\/div>\n\t\t\t\t<\/div>\n\t\t\t\t\t<\/div>\n\t\t\t\t<\/div>\n\t\t\t\t<\/div>","protected":false},"excerpt":{"rendered":"<p>\u00a0 Ko-opera Plataforma Cooperativa de Turismo Ko-Opera es la plataforma de la cooperativa Atukoop creada para **articular, fortalecer y promocionar** los servicios tur\u00edsticos y emprendimientos de la parroquia de Pacto. Nuestra Misi\u00f3n y Principios Nuestra plataforma se basa en el **turismo con principios de sostenimiento de la vida** que garantizan que el valor econ\u00f3mico del [&hellip;]<\/p>\n","protected":false},"author":1,"featured_media":0,"parent":0,"menu_order":0,"comment_status":"closed","ping_status":"closed","template":"","meta":{"_monsterinsights_skip_tracking":false,"_monsterinsights_sitenote_active":false,"_monsterinsights_sitenote_note":"","_monsterinsights_sitenote_category":0,"footnotes":""},"class_list":["post-4485","page","type-page","status-publish","hentry"],"aioseo_notices":[],"_hostinger_reach_plugin_has_subscription_block":false,"_hostinger_reach_plugin_is_elementor":false,"_links":{"self":[{"href":"https:\/\/atukoop.ec\/es\/wp-json\/wp\/v2\/pages\/4485","targetHints":{"allow":["GET"]}}],"collection":[{"href":"https:\/\/atukoop.ec\/es\/wp-json\/wp\/v2\/pages"}],"about":[{"href":"https:\/\/atukoop.ec\/es\/wp-json\/wp\/v2\/types\/page"}],"author":[{"embeddable":true,"href":"https:\/\/atukoop.ec\/es\/wp-json\/wp\/v2\/users\/1"}],"replies":[{"embeddable":true,"href":"https:\/\/atukoop.ec\/es\/wp-json\/wp\/v2\/comments?post=4485"}],"version-history":[{"count":33,"href":"https:\/\/atukoop.ec\/es\/wp-json\/wp\/v2\/pages\/4485\/revisions"}],"predecessor-version":[{"id":10364,"href":"https:\/\/atukoop.ec\/es\/wp-json\/wp\/v2\/pages\/4485\/revisions\/10364"}],"wp:attachment":[{"href":"https:\/\/atukoop.ec\/es\/wp-json\/wp\/v2\/media?parent=4485"}],"curies":[{"name":"wp","href":"https:\/\/api.w.org\/{rel}","templated":true}]}}